{"id":3789,"date":"2023-09-26T12:57:04","date_gmt":"2023-09-26T05:57:04","guid":{"rendered":"https:\/\/sawasdee-divers.com\/?page_id=3789"},"modified":"2025-11-05T16:19:57","modified_gmt":"2025-11-05T09:19:57","slug":"cookie-policy","status":"publish","type":"page","link":"https:\/\/sawasdee-divers.com\/fr\/privacy-policy\/cookie-policy\/","title":{"rendered":"Politique des cookies"},"content":{"rendered":"<div class=\"wp-block-group alignfull gs-desktop-hide gs-tablet-hide has-global-padding is-layout-constrained wp-block-group-is-layout-constrained\" id=\"spacer-mobile\" style=\"min-height:100px\"><\/div>\n<style>@media(max-width:991.98px) and (min-width:576px){.gs-tablet-hide{display:none !important}}@media(min-width:992px){.gs-desktop-hide{display:none !important}}<\/style>\n\n\n<div class=\"wp-block-group alignwide has-contrastcolor-color has-text-color has-link-color wp-elements-41e9ac7464294d0a1864216acc6daeda is-vertical is-layout-flex wp-container-core-group-is-layout-2d729e81 wp-block-group-is-layout-flex\">\n<h1 class=\"wp-block-heading\" id=\"sawasdee-divers-co-ltd-cookie-policy\"><strong>Politique en mati\u00e8re de cookies de Sawasdee Divers Co., Ltd.<\/strong><\/h1>\n\n\n\n<h2 class=\"wp-block-heading\" id=\"cookie-policy\">Politique des cookies<\/h2>\n\n\n\n<p class=\"has-contrastcolor-color has-text-color\">Nous, sur\u00a0www.sawasdee-divers.com, respectons votre vie priv\u00e9e et nous nous engageons \u00e0 vous offrir une exp\u00e9rience de navigation s\u00fbre et s\u00e9curis\u00e9e. Cette politique en mati\u00e8re de cookies explique comment nous utilisons les cookies sur notre site web et \u00e0 quoi ils servent.<\/p>\n\n\n\n<h2 class=\"wp-block-heading\" id=\"what-are-cookies\">Qu'est-ce que les cookies ?<\/h2>\n\n\n\n<p class=\"has-contrastcolor-color has-text-color wp-container-content-3b250452\">Les cookies sont de petits fichiers texte plac\u00e9s sur votre appareil lorsque vous visitez notre site web. Ils servent \u00e0 stocker des informations sur votre visite, telles que votre langue pr\u00e9f\u00e9r\u00e9e et d'autres param\u00e8tres. Certains cookies sont n\u00e9cessaires au bon fonctionnement du site web. D'autres cookies sont utilis\u00e9s pour suivre anonymement votre comportement de navigation, nous aidant ainsi \u00e0 comprendre comment vous utilisez le site web, \u00e0 analyser les domaines \u00e0 am\u00e9liorer et \u00e0 enrichir votre exp\u00e9rience de navigation sur notre site web.<\/p>\n\n\n\n<h2 class=\"wp-block-heading\" id=\"your-cookie-preferences\">Vos pr\u00e9f\u00e9rences en mati\u00e8re de cookies<\/h2>\n\n\n\n<p class=\"has-contrastcolor-color has-text-color\">Diff\u00e9rents navigateurs offrent diff\u00e9rentes m\u00e9thodes pour bloquer et supprimer les cookies utilis\u00e9s par les sites web. Vous pouvez modifier les param\u00e8tres de votre navigateur pour bloquer et\/ou supprimer les cookies. \u00c0 la fin de ce document, vous trouverez des liens vers les documents d'assistance expliquant comment g\u00e9rer et supprimer les cookies des principaux navigateurs web.<\/p>\n\n\n\n<h2 class=\"wp-block-heading\" id=\"what-types-of-cookies-do-we-use\">Types de cookies que nous utilisons<\/h2>\n\n\n\n<p class=\"has-contrastcolor-color has-text-color\">Nous utilisons les types de cookies suivants sur notre site web :<\/p>\n\n\n\n<ul class=\"wp-block-list has-contrastcolor-color has-text-color wp-container-content-3b250452\">\n<li><strong>Cookies essentiels:<\/strong> Ces cookies sont n\u00e9cessaires au bon fonctionnement du site web. Ils permettent des fonctionnalit\u00e9s de base telles que la navigation sur les pages et l'acc\u00e8s aux zones s\u00e9curis\u00e9es du site web.<\/li>\n\n\n\n<li><strong>Cookies de performance: <\/strong>es cookies sont utilis\u00e9s pour collecter des informations sur la fa\u00e7on dont les visiteurs utilisent notre site web, y compris les pages les plus populaires et la dur\u00e9e de la visite. Ces informations sont utilis\u00e9es pour am\u00e9liorer les performances et le contenu de notre site web.<\/li>\n\n\n\n<li><strong>Cookies d'analyse ou cookies de performance:<\/strong> Ces cookies sont utilis\u00e9s pour suivre les visiteurs du site web et leur comportement en tant qu'utilisateurs. Ces donn\u00e9es sont ensuite utilis\u00e9es pour am\u00e9liorer le fonctionnement du site web et, par cons\u00e9quent, l'exp\u00e9rience de l'utilisateur.<\/li>\n<\/ul>\n\n\n\n<h2 class=\"wp-block-heading\" id=\"how-we-use-cookies\">Comment nous utilisons les cookies<\/h2>\n\n\n\n<p class=\"has-contrastcolor-color has-text-color\">Nous utilisons des cookies de suivi pour collecter des informations sur votre comportement de navigation et vos centres d'int\u00e9r\u00eat. Ces informations sont utilis\u00e9es pour nous aider \u00e0 comprendre comment notre site web est utilis\u00e9.<\/p>\n\n\n\n<h3 class=\"wp-block-heading\" id=\"google-analytics\">Google Analytics<\/h3>\n\n\n\n<p>We use Google Analytics to collect information about your browsing behaviour and interests across our website.<\/p>\n\n\n\n<p>This information may be used across multiple websites that you visit. This information may be used to deliver personalized advertising and content to you on other websites.<\/p>\n\n\n\n<p>For more information about how Google and Meta collects and uses data please see;<\/p>\n\n\n\n<h4 class=\"wp-block-heading\" id=\"google-analytics-terms-of-service\">Google Analytics Terms of Service<\/h4>\n\n\n\n<p><a href=\"https:\/\/marketingplatform.google.com\/about\/analytics\/terms\/us\" target=\"_blank\" rel=\"noopener\">https:\/\/marketingplatform.google.com\/about\/analytics\/terms\/us<\/a><\/p>\n\n\n\n<h4 class=\"wp-block-heading\" id=\"google-privacy-policy\">Google Privacy Policy.<\/h4>\n\n\n\n<p><a href=\"https:\/\/policies.google.com\/privacy\" target=\"_blank\" rel=\"noopener\">https:\/\/policies.google.com\/privacy<\/a><\/p>\n\n\n\n<h4 class=\"wp-block-heading\" id=\"google-terms-of-service\">Google Terms of Service<\/h4>\n\n\n\n<p><a href=\"https:\/\/policies.google.com\/terms\" target=\"_blank\" rel=\"noopener\">https:\/\/policies.google.com\/terms<\/a><\/p>\n\n\n\n<p>You can opt-out of Google Analytics tracking cookies on all websites you visit by configuring privacy settings on your browser and\/or by installing a browser plug-in to opt out of tracking.<\/p>\n\n\n\n<h2 class=\"wp-block-heading\" id=\"managing-cookies\">Gestion des cookies<\/h2>\n\n\n\n<p class=\"has-contrastcolor-color has-text-color\">Vous pouvez contr\u00f4ler l'utilisation des cookies sur notre site web en ajustant les param\u00e8tres dans la banni\u00e8re des cookies. <\/p>\n\n\n\n<div class=\"wp-block-group is-nowrap is-layout-flex wp-container-core-group-is-layout-6c531013 wp-block-group-is-layout-flex\">\n<p class=\"has-contrastcolor-color has-text-color\">Vous pouvez acc\u00e9der aux param\u00e8tres en cliquant sur cette ic\u00f4ne:<\/p>\n\n\n\n<div><a class=\"cky-banner-element\"><img loading=\"lazy\" width=\"42\" height=\"42\" src=\"https:\/\/sawasdee-divers.com\/wp-content\/uploads\/2023\/09\/cookieyes-42.webp\" alt=\"\" decoding=\"async\" srcset=\"https:\/\/sawasdee-divers.com\/wp-content\/uploads\/2023\/09\/cookieyes-42.webp 42w, https:\/\/sawasdee-divers.com\/wp-content\/uploads\/2023\/09\/cookieyes-42-12x12.webp 12w\" sizes=\"auto, (max-width: 30px) 100vw, 42px\"><\/a> <\/div>\n<\/div>\n\n\n\n<p class=\"has-contrastcolor-color has-text-color\">Pour contr\u00f4ler l'utilisation des cookies sur tous les sites que vous visitez, vous pouvez ajuster les param\u00e8tres de votre navigateur web. La plupart des navigateurs web vous permettent de contr\u00f4ler les cookies via leurs param\u00e8tres. Vous pouvez choisir de bloquer ou de supprimer les cookies, ou de configurer votre navigateur pour vous avertir lorsqu'un cookie est envoy\u00e9.<\/p>\n\n\n\n<p class=\"has-contrastcolor-color has-text-color\">Vous trouverez plus d'informations sur les navigateurs web et leurs param\u00e8tres de cookies via les liens \u00e0 la fin du document.<strong>.<\/strong><\/p>\n\n\n\n<h4 class=\"wp-block-heading\" id=\"disabling-cookies\">D\u00e9sactivation des cookies<\/h4>\n\n\n\n<p class=\"has-contrastcolor-color has-text-color\">Veuillez noter que la d\u00e9sactivation des cookies peut emp\u00eacher certaines parties de notre site web de fonctionner correctement ou limiter votre capacit\u00e9 \u00e0 utiliser certaines fonctionnalit\u00e9s.<\/p>\n\n\n\n<h2 class=\"wp-block-heading\" id=\"updates-to-this-policy\">Mises \u00e0 jour de cette politique<\/h2>\n\n\n\n<p class=\"has-contrastcolor-color has-text-color\">Nous pouvons mettre \u00e0 jour cette politique en mati\u00e8re de cookies de temps \u00e0 autre pour refl\u00e9ter les changements dans nos pratiques ou pour nous conformer aux exigences l\u00e9gales. Si nous apportons des modifications substantielles \u00e0 cette politique, nous vous en informerons en publiant un avis sur notre site web.<\/p>\n\n\n\n<h2 class=\"wp-block-heading\" id=\"contact-us\">Contactez-nous<\/h2>\n\n\n\n<p class=\"has-contrastcolor-color has-text-color\">Si vous avez des questions ou des pr\u00e9occupations concernant cette politique en mati\u00e8re de cookies ou notre utilisation des cookies, veuillez nous contacter \u00e0 l'adresse suivante :\u00a0dataprotectionofficer@sawasdee-divers.com.<\/p>\n\n\n\n<p class=\"has-contrastcolor-color has-text-color\">Derni\u00e8re mise \u00e0 jour : 5 novembre 2025<\/p>\n\n\n\n<hr class=\"wp-block-separator has-alpha-channel-opacity\"\/>\n\n\n\n<h4 class=\"wp-block-heading\" id=\"changing-your-browser-cookie-settings\">Modification des param\u00e8tres de cookies de votre navigateur<\/h4>\n\n\n\n<p class=\"has-contrastcolor-color has-text-color\">Vous trouverez ci-dessous les liens vers les documents d'assistance expliquant comment g\u00e9rer et supprimer les cookies des principaux navigateurs web.<\/p>\n\n\n\n<p class=\"has-contrastcolor-color has-text-color\"><strong>Chrome<\/strong><\/p>\n\n\n\n<p class=\"has-contrastcolor-color has-text-color\"><a href=\"https:\/\/support.google.com\/chrome\/answer\/95647\" target=\"_blank\" rel=\"noreferrer noopener nofollow\">https:\/\/support.google.com\/chrome\/answer\/95647<\/a><\/p>\n\n\n\n<p class=\"has-contrastcolor-color has-text-color\"><strong>Safari<\/strong><\/p>\n\n\n\n<p class=\"has-contrastcolor-color has-text-color\"><a href=\"https:\/\/support.apple.com\/fr-fr\/guide\/safari\/sfri11471\/mac\" target=\"_blank\" rel=\"noreferrer noopener nofollow\">https:\/\/support.apple.com\/en-gb\/guide\/safari\/sfri11471\/mac<\/a><\/p>\n\n\n\n<p class=\"has-contrastcolor-color has-text-color\"><strong>Firefox<\/strong><\/p>\n\n\n\n<p class=\"has-contrastcolor-color has-text-color\"><a href=\"https:\/\/support.mozilla.org\/fr\/products\/firefox\/protect-your-privacy\/cookies\" target=\"_blank\" rel=\"noreferrer noopener nofollow\">https:\/\/support.mozilla.org\/fr\/products\/firefox\/protect-your-privacy\/cookies<\/a><\/p>\n\n\n\n<p class=\"has-contrastcolor-color has-text-color\"><strong>Internet Explorer<\/strong><\/p>\n\n\n\n<p class=\"has-contrastcolor-color has-text-color\"><a href=\"https:\/\/support.microsoft.com\/fr-fr\/help\/17442\/windows-internet-explorer-delete-manage-cookies\" target=\"_blank\" rel=\"noreferrer noopener nofollow\">https:\/\/support.microsoft.com\/fr-fr\/help\/17442\/windows-internet-explorer-delete-manage-cookies<\/a><\/p>\n\n\n\n<p class=\"has-contrastcolor-color has-text-color\"><strong>Edge<\/strong><\/p>\n\n\n\n<p class=\"has-contrastcolor-color has-text-color\"><a href=\"https:\/\/www.microsoft.com\/fr-fr\/edge\/learning-center\/how-to-manage-and-clear-your-cache-and-cookies?form=MA13I2\" target=\"_blank\" rel=\"noreferrer noopener nofollow\">https:\/\/www.microsoft.com\/fr-fr\/edge\/learning-center\/how-to-manage-and-clear-your-cache-and-cookies?form=MA13I2<\/a><\/p>\n\n\n\n<p class=\"has-contrastcolor-color has-text-color\"><strong>Brave<\/strong><\/p>\n\n\n\n<p class=\"has-contrastcolor-color has-text-color\"><a href=\"https:\/\/support.brave.com\/hc\/fr\/articles\/360050634931-How-Do-I-Manage-Cookies-In-Brave-\" target=\"_blank\" rel=\"noreferrer noopener nofollow\">https:\/\/support.brave.com\/hc\/fr\/articles\/360050634931-How-Do-I-Manage-Cookies-In-Brave-<\/a><\/p>\n\n\n\n<p class=\"has-contrastcolor-color has-text-color\"><strong>Vivaldi<\/strong><\/p>\n\n\n\n<p class=\"has-contrastcolor-color has-text-color\"><a href=\"https:\/\/help.vivaldi.com\/fr\/desktop\/privacy\/cookies\/\" target=\"_blank\" rel=\"noreferrer noopener nofollow\">https:\/\/help.vivaldi.com\/fr\/desktop\/privacy\/cookies\/<\/a><\/p>\n\n\n\n<p class=\"has-contrastcolor-color has-text-color\"><strong>Duckduckgo<\/strong><\/p>\n\n\n\n<p class=\"has-contrastcolor-color has-text-color\"><a href=\"https:\/\/help.duckduckgo.com\/duckduckgo-help-pages\/privacy\/web-tracking-protections\/\" target=\"_blank\" rel=\"noreferrer noopener nofollow\">https:\/\/help.duckduckgo.com\/duckduckgo-help-pages\/privacy\/web-tracking-protections\/<\/a><\/p>\n\n\n\n<p>Si vous utilisez un autre navigateur web, veuillez consulter les documents d'assistance officiels de votre navigateur.<\/p>\n\n\n\n<hr class=\"wp-block-separator has-alpha-channel-opacity\"\/>\n<\/div>","protected":false},"excerpt":{"rendered":"<p>Sawasdee Divers Co., Ltd. Cookie Policy Cookie Policy We at www.sawasdee-divers.com respect your privacy and are committed to providing you with a safe and secure browsing experience. This cookie policy explains how we use cookies on our website and what they are used for. What Are Cookies? Cookies are small text files that are placed [&hellip;]<\/p>\n","protected":false},"author":1,"featured_media":3173,"parent":3,"menu_order":0,"comment_status":"closed","ping_status":"closed","template":"wp-custom-template-page-without-title-header-1","meta":{"_gspb_post_css":".gspb_button-id-gsbp-5da524f4-7e16{display:flex;justify-content:flex-start}.gspb_button-id-gsbp-5da524f4-7e16 .gspb-buttonbox-text{display:flex;flex-direction:column}.gspb_button-id-gsbp-5da524f4-7e16>.gspb-buttonbox{display:inline-block;padding:13px 26px;background-color:#00d084;text-decoration:none!important;color:#fff;font-size:16px;line-height:16px;position:relative;z-index:0;cursor:pointer;box-sizing:border-box}","footnotes":""},"class_list":["post-3789","page","type-page","status-publish","has-post-thumbnail","hentry"],"_links":{"self":[{"href":"https:\/\/sawasdee-divers.com\/fr\/wp-json\/wp\/v2\/pages\/3789","targetHints":{"allow":["GET"]}}],"collection":[{"href":"https:\/\/sawasdee-divers.com\/fr\/wp-json\/wp\/v2\/pages"}],"about":[{"href":"https:\/\/sawasdee-divers.com\/fr\/wp-json\/wp\/v2\/types\/page"}],"author":[{"embeddable":true,"href":"https:\/\/sawasdee-divers.com\/fr\/wp-json\/wp\/v2\/users\/1"}],"replies":[{"embeddable":true,"href":"https:\/\/sawasdee-divers.com\/fr\/wp-json\/wp\/v2\/comments?post=3789"}],"version-history":[{"count":0,"href":"https:\/\/sawasdee-divers.com\/fr\/wp-json\/wp\/v2\/pages\/3789\/revisions"}],"up":[{"embeddable":true,"href":"https:\/\/sawasdee-divers.com\/fr\/wp-json\/wp\/v2\/pages\/3"}],"wp:featuredmedia":[{"embeddable":true,"href":"https:\/\/sawasdee-divers.com\/fr\/wp-json\/wp\/v2\/media\/3173"}],"wp:attachment":[{"href":"https:\/\/sawasdee-divers.com\/fr\/wp-json\/wp\/v2\/media?parent=3789"}],"curies":[{"name":"wp","href":"https:\/\/api.w.org\/{rel}","templated":true}]}}